{"id":1474,"date":"2022-03-30T03:41:53","date_gmt":"2022-03-30T03:41:53","guid":{"rendered":"https:\/\/alumni.fresenius.de\/login\/?page_id=1474"},"modified":"2022-03-30T03:41:57","modified_gmt":"2022-03-30T03:41:57","slug":"hinweise-zum-datenschutz","status":"publish","type":"page","link":"https:\/\/alumni.fresenius.de\/login\/hinweise-zum-datenschutz\/","title":{"rendered":"Hinweise zum Datenschutz"},"content":{"rendered":"<p>[et_pb_section fb_built=&#8221;1&#8243; module_class=&#8221;iw-section-text&#8221; _builder_version=&#8221;4.14.9&#8243; background_color=&#8221;#ffffff&#8221; global_colors_info=&#8221;{}&#8221; theme_builder_area=&#8221;post_content&#8221;][et_pb_row _builder_version=&#8221;4.8.1&#8243; background_color=&#8221;#ffffff&#8221; width=&#8221;100%&#8221; width_tablet=&#8221;&#8221; width_phone=&#8221;&#8221; width_last_edited=&#8221;on|desktop&#8221; global_colors_info=&#8221;{}&#8221; theme_builder_area=&#8221;post_content&#8221;][et_pb_column type=&#8221;4_4&#8243; _builder_version=&#8221;3.27.3&#8243; global_colors_info=&#8221;{}&#8221; theme_builder_area=&#8221;post_content&#8221;][et_pb_text _builder_version=&#8221;4.14.9&#8243; _module_preset=&#8221;default&#8221; hover_enabled=&#8221;0&#8243; global_colors_info=&#8221;{}&#8221; theme_builder_area=&#8221;post_content&#8221; sticky_enabled=&#8221;0&#8243;]<\/p>\n<h3 class=\"iw-rte-headline3-inline\">Datenschutzhinweis f\u00fcr die Nutzung des Bindungsprograms Fresenius Alumni<\/h3>\n<p>Die Verarbeitung von personenbezogenen Daten unterliegt der EU-Datenschutz-Grundverordnung (DS-GVO). Dieser Datenschutzhinweis informiert Sie dar\u00fcber, wie die Fresenius SE &amp; Co. KGaA (\u201ewir\u201c&nbsp;oder&nbsp;\u201eFresenius\u201c) personenbezogene Daten von Ihnen (\u201eSie\u201c) verarbeiten und um welche Daten es sich dabei handelt.<\/p>\n<p>Unter&nbsp;&#8220;personenbezogenen Daten&#8221;&nbsp;verstehen wir alle Informationen \u00fcber Sie, mit deren Hilfe Sie direkt oder indirekt bestimmbar sind.<\/p>\n<p>Unter&nbsp;&#8220;Verarbeitung&#8221;&nbsp;verstehen wir jeden Vorgang, der mit personenbezogenen Daten durchgef\u00fchrt wird, wie z.B. Erhebung, Speicherung, Organisation, Strukturierung, Speicherung, Anpassung oder \u00c4nderung, Abruf, Abfrage, Nutzung, Weitergabe, Verbreitung oder anderweitige Bereitstellung, Ausrichtung oder Kombination, Einschr\u00e4nkung, L\u00f6schung oder Vernichtung.<\/p>\n<p>Mit dieser Datenschutzinformation erl\u00e4utern wir Ihnen u.a. detailliert,<\/p>\n<ul>\n<li>wer f\u00fcr die Verarbeitung Ihrer personenbezogenen Daten verantwortlich ist und an wen Sie sich wenden k\u00f6nnen, wenn Sie Fragen haben oder Beschwerden vorbringen m\u00f6chten (Abschnitt 1)<\/li>\n<li>wie wir Ihre Daten erheben, welche Daten dies sind und zu welchen Zwecken wir diese personenbezogenen Daten verarbeiten (Abschnitt 2.1 und 2.2)<\/li>\n<li>auf welche Rechtsgrundlagen wir uns hierbei st\u00fctzen (Abschnitt 2.3)<\/li>\n<li>an wen wir Ihre Daten gegebenenfalls \u00fcbermitteln (Abschnitte 3)<\/li>\n<li>wie lange wir Ihre Daten speichern (Abschnitt 4) und<\/li>\n<li>wie Sie die Aktualisierung, Berichtigung oder auch die L\u00f6schung dieser Daten veranlassen und andere Rechte in Bezug auf Ihre Daten geltend machen k\u00f6nnen (Abschnitt 5).&nbsp;<\/li>\n<\/ul>\n<p><strong>1 Verarbeitende Stelle und Kontakt<\/strong><\/p>\n<p><strong>1.1 Verantwortlicher<\/strong><\/p>\n<p>Nach der DS-GVO Verantwortlicher ist f\u00fcr Sie bei der Verwendung Ihrer personenbezogenen Daten:<\/p>\n<p>Fresenius SE &amp; Co. KGaA,<br \/>Else-Kroener-Stra\u00dfe 1,<br \/>61352 Bad Homburg vor der H\u00f6he,<br \/>Germany<br \/>E-mail:&nbsp;<a class=\"iw-rte-link-inline\" href=\"mailto:alumni@fresenius.com\">alumni@fresenius.com<\/a><\/p>\n<p><strong>1.2 Datenschutzbeauftragter<\/strong><\/p>\n<p>Wir sind nach der DSGVO verpflichtet, Ihnen einen Datenschutzbeauftragten zur Seite zu stellen.<br \/>Dieser ist f\u00fcr Fresenius SE &amp; Co. KGaA:<\/p>\n<p>Andreas M\u00fcnch<br \/>Else-Kr\u00f6ner-Str.&nbsp;1<br \/>61352 Bad Homburg v.d.H.<br \/>Tel.: +49&nbsp;(0) 6172\/608 &#8211; 6646<br \/>E-Mail:&nbsp;<a class=\"iw-rte-link-inline\" href=\"mailto:datenschutzbeauftragter@fresenius.com\">datenschutzbeauftragter@fresenius.com<\/a>&nbsp;<\/p>\n<p><strong>2 Verarbeitung Ihrer personenbezogenen Daten<\/strong><\/p>\n<p><strong>2.1 Wie wir Daten erheben<\/strong><\/p>\n<p>Wir verarbeiten Ihre personenbezogenen Daten, die Sie uns zur Verf\u00fcgung stellen, wenn Sie sich bei dem Bindungsprogramm Alumni registrieren. Jeder Nutzer von Alumni erh\u00e4lt ein Nutzerprofil. In dem Profil kann der Nutzer Angaben zu seinem Bildungsweg, seinen Kenntnissen, seinen bisherigen praktischen Erfahrungen, etc. machen und diese Angaben individuell gestalten. Dar\u00fcber hinaus hat er die M\u00f6glichkeit, Bewerbungsdokumente in seinem Profil hochzuladen. Alle Angaben zum Profil sind freiwillig. Wir k\u00f6nnen auch personenbezogene Daten, die Sie uns im Falle von Anfragen zur Verf\u00fcgung stellen, verarbeiten. Typischerweise k\u00f6nnen solche pers\u00f6nlichen Daten Ihren Vornamen, Nachnamen, Ihre E-Mail-Adresse sowie berufliche Interessen und Qualifikationen umfassen.<\/p>\n<p><strong>2.2. Verfolgter Zweck<\/strong><\/p>\n<p>Wir verarbeiten die personenbezogenen Daten, die Sie uns \u00fcber die oben genannten Wege zur Verf\u00fcgung gestellt haben, zum Zwecke der Durchf\u00fchrung des Bindungsprogramms Fresenius Alumni.<br \/>Dies beinhaltet folgende Aspekte:<\/p>\n<ul>\n<li>Informationen \u00fcber und karrierebezogene Angebote von Fresenius sowie ihrer verbundenen Unternehmen;<\/li>\n<li>Einladung zu Events und Messen;<\/li>\n<li>Gr\u00fc\u00dfe zu speziellen Anl\u00e4ssen, so z.B. Geburtstag, Ostern und Weihnachten;<\/li>\n<li>Aktuelle Karriere-News;<\/li>\n<li>Direkte Kontaktm\u00f6glichkeiten<\/li>\n<\/ul>\n<p><strong>2.3 Rechtsgrundlagen f\u00fcr die Verarbeitung<\/strong><\/p>\n<p>Wir verarbeiten Ihre personenbezogenen Daten auf der folgenden Grundlage:<\/p>\n<p>Bei Ihrer Teilnahme an dem Bindungsprogramm Alumni handelt es sich um ein vertrags\u00e4hnliches N\u00e4heverh\u00e4ltnis, bei welchem Sie Ihr Profil angeben k\u00f6nnen und wir Ihnen allgemeine oder passende Vakanzen anzeigen oder per E-Mail zukommen lassen k\u00f6nnen. Die Verarbeitung ist daher f\u00fcr die Erf\u00fcllung eines Vertrags, dessen Vertragspartei Sie sind, oder zur Durchf\u00fchrung vorvertraglicher Ma\u00dfnahmen erforderlich[1].<\/p>\n<p>Die Verarbeitung ist zudem zur Wahrung der berechtigten Interessen des Verantwortlichen oder eines Dritten erforderlich, sofern nicht die Interessen oder Grundrechte und Grundfreiheiten von Ihnen, die den Schutz personenbezogener Daten erfordern, \u00fcberwiegen[2]. Daher ist die Verarbeitung Ihrer personenbezogenen Daten erforderlich, um Ihnen Ihre angefragte Leistung (Anzeigen von und Information \u00fcber Vakanzen) zur Verf\u00fcgung zu stellen und Ihnen die M\u00f6glichkeit zu geben, sich auf freie Stellen bei uns zu bewerben.<\/p>\n<p><strong>3. M\u00f6gliche Empf\u00e4nger Ihrer personenbezogenen Daten<\/strong><\/p>\n<p>Um die genannten Zwecke zu erf\u00fcllen, kann es vorkommen, dass wir Ihre personenbezogenen Daten mit anderen teilen m\u00fcssen. Dies sind Dienstleister, d.h. Unternehmen, die uns die zur Verf\u00fcgung gestellten Produkte und Dienstleistungen anbieten, wie etwa Anbieter von IT-Systemen und IT-Support. Die von Ihnen bereitgestellten Informationen, insbesondere die pers\u00f6nlichen Daten sowie Informationen zum Bildungsweg und zu praktischen Erfahrungen, werden \u00fcber die Website ausschlie\u00dflich den berechtigten Mitarbeitern aus den Personalabteilungen von Fresenius und\/oder ihrer verbundenen Unternehmen zur Verf\u00fcgung gestellt. F\u00fcr andere Nutzer ist das Nutzerprofil nicht sichtbar. Intern werden Ihre personenbezogenen Daten ausschlie\u00dflich an Personalreferenten im Rahmen des Recruitings weitergegeben. Eine \u00dcbermittlung Ihrer personenbezogenen Daten an Dritte erfolgt nicht<\/p>\n<p><strong>4. Wie lange wir Ihre personenbezogenen Daten speichern<\/strong><\/p>\n<p>Wir verwenden Ihre personenbezogenen Daten nur so lange, wie es der entsprechende Zweck zul\u00e4sst. Entf\u00e4llt dieser Zweck werden wir Ihre personenbezogenen Daten l\u00f6schen, es sei denn, es gelten gesetzliche Aufbewahrungsfristen. In diesem Fall ist es auch m\u00f6glich, dass Ihre personenbezogenen Daten zun\u00e4chst bis zum Ende der Aufbewahrungsfrist gesperrt und anschlie\u00dfend gel\u00f6scht werden. Konkret bedeutet dies Folgendes:<\/p>\n<p>Wenn Sie innerhalb von sechzig (60) Tagen nach Zusendung der Einladung keine Registrierung bei dem Bindungsprogram Alumni vornehmen, werden wir Ihre personenbezogenen Daten l\u00f6schen.<\/p>\n<p>Wir speichern Ihre personenbezogenen Daten f\u00fcr die Dauer Ihrer Teilnahme an dem Bindungsprogram Alumni. Wir werden Sie jedoch grunds\u00e4tzlich \u2013 d.h. auch bei Aktivit\u00e4t in Ihrem Profil &#8211; nach drei (3) Jahren zur Best\u00e4tigung Ihrer Teilnahme bitten. Sollten Sie diese sodann nicht best\u00e4tigen, werden wir Ihre personenbezogenen Daten l\u00f6schen.<\/p>\n<p>Sofern Sie nach drei (3) Jahren Ihre Teilnahme best\u00e4tigen, jedoch sp\u00e4ter 365 Tage inaktiv bleiben, werden wir Sie mit einer E-Mail und der Bitte um erneuten Login, kontaktieren. Erfolgt keine Reaktion, werden wir Ihre personenbezogenen Daten sowie Ihr Profil l\u00f6schen.<\/p>\n<p>Ferner haben Sie die M\u00f6glichkeit, Ihr Profil und damit Ihre, bei der Registrierung angegebenen Daten jederzeit eigenst\u00e4ndig (also ohne Zutun oder Zustimmung eines Dritten) zu berichtigen und zu l\u00f6schen. Die L\u00f6schung der Daten erfolgt automatisch und direkt und ist unwiderruflich.&nbsp;<\/p>\n<p><strong>5 Ihre Rechte&nbsp;&nbsp;<\/strong><\/p>\n<p>Sie haben folgende Rechte in Bezug auf Ihre personenbezogenen Daten:<\/p>\n<p><strong>5.1 Auskunftsrecht<\/strong><\/p>\n<p>Sie haben das Recht, von uns jederzeit Auskunft dar\u00fcber zu verlangen, welche personenbezogenen Daten wir \u00fcber Sie verarbeiten[3].<\/p>\n<p><strong>5.2 Recht auf Berichtigung<\/strong><\/p>\n<p>Wenn Daten \u00fcber Sie unrichtig sind, haben Sie das Recht, von uns unverz\u00fcglich eine Berichtigung dieser Daten zu erhalten[4].<\/p>\n<p><strong>5.3 Recht auf L\u00f6schung<\/strong><\/p>\n<p>Unter bestimmten Voraussetzungen haben Sie das Recht, von uns die L\u00f6schung Ihrer personenbezogenen Daten zu verlangen[5]. Insbesondere k\u00f6nnen Sie uns auffordern, personenbezogene Daten zu l\u00f6schen, wenn (i) sie f\u00fcr die Zwecke, f\u00fcr die sie erhoben oder anderweitig verarbeitet wurden, nicht mehr erforderlich sind; (ii) die personenbezogenen Daten unrechtm\u00e4\u00dfig verarbeitet wurden; (iii) Sie der Verarbeitung gem\u00e4\u00df Art. 21(1) DS-GVO widersprechen und es keine vorrangigen berechtigte Gr\u00fcnde f\u00fcr die Verarbeitung Ihrer personenbezogenen Daten gibt, (iv) die personenbezogenen Daten m\u00fcssen gel\u00f6scht werden, um einer rechtlichen Verpflichtung nach dem Recht der Union oder des Mitgliedstaates, dem wir unterliegen, nachzukommen oder (v) Sie widerrufen Ihre Zustimmung, auf der die Verarbeitung beruht, und es gibt keinen anderen Rechtsgrund f\u00fcr die Verarbeitung.<\/p>\n<p>Davon unber\u00fchrt bleibt die M\u00f6glichkeit, dass Sie ihre Daten eigenst\u00e4ndig innerhalb Ihres Profils l\u00f6schen. In diesem Fall werden Ihre Daten unverz\u00fcglich und unwiderruflich gel\u00f6scht.<\/p>\n<p><strong>5.4 Recht auf Einschr\u00e4nkung der Verarbeitung<\/strong><\/p>\n<p>Sie haben das Recht, von uns eine Einschr\u00e4nkung der Verarbeitung zu erhalten, wenn einer der folgenden Punkte zutrifft[6]: (i) die Richtigkeit der personenbezogenen Daten wird von Ihnen bestritten, und zwar f\u00fcr eine Dauer, die es uns erm\u00f6glicht, die Richtigkeit der personenbezogenen Daten zu \u00fcberpr\u00fcfen, (ii) die Verarbeitung ist unrechtm\u00e4\u00dfig und Sie widersprechen der L\u00f6schung Ihrer personenbezogenen Daten und verlangen stattdessen die Einschr\u00e4nkung der Nutzung Ihrer personenbezogenen Daten verlangt, (iii) wir ben\u00f6tigen die personenbezogenen Daten nicht mehr f\u00fcr die Zwecke der Verarbeitung, sondern sind von Ihnen verpflichtet, sie zur Begr\u00fcndung, Aus\u00fcbung oder Verteidigung von Rechtsanspr\u00fcchen aufzubewahren oder (iv) Sie haben gegen die Verarbeitung gem\u00e4\u00df Artikel 21 DS-GVO Widerspruch eingelegt, solange noch nicht feststeht, ob die berechtigten Gr\u00fcnde des Verantwortlichen gegen\u00fcber denen der betroffenen Person \u00fcberwiegen.<\/p>\n<p><strong>5.5 Recht auf Daten\u00fcbertragbarkeit<\/strong><\/p>\n<p>Sie haben das Recht, die Sie betreffenden personenbezogenen Daten, die Sie uns zur Verf\u00fcgung gestellt haben, in strukturierter, gebr\u00e4uchlicher und maschinenlesbarer Form zu erhalten[7].<\/p>\n<p><strong>5.6 Widerspruchsrecht<\/strong><\/p>\n<p>Gem\u00e4\u00df Art. 21 DS-GVO haben Sie jederzeit das Recht, aus Gr\u00fcnden, die sich auf Ihre besondere Situation beziehen, der Verarbeitung personenbezogener Daten, die aufgrund von Art. 6 Abs. 1 lit. e oder f DS-GVO erfolgt, zu widersprechen. Wir werden Ihre personenbezogenen Daten nicht mehr verarbeiten, es sei denn, wir k\u00f6nnen zwingende schutzw\u00fcrdige Gr\u00fcnde f\u00fcr die Verarbeitung nachweisen, die Ihre Interessen, Rechte und Freiheiten \u00fcberwiegen, oder die Verarbeitung dient der Geltendmachung, Aus\u00fcbung oder Verteidigung von Rechtsanspr\u00fcchen.<\/p>\n<p>In allen oben genannten F\u00e4llen nutzen Sie bitte das Kontaktformular oder senden Sie Ihre Anfrage an die oben angegebene Post- oder E-Mail-Adresse.<\/p>\n<p><strong>5.7 Beschwerderecht<\/strong><\/p>\n<p>Sie haben auch das Recht, eine Beschwerde bei einer Aufsichtsbeh\u00f6rde einzureichen. Die f\u00fcr Fresenius zust\u00e4ndige Aufsichtsbeh\u00f6rde ist:<\/p>\n<p>Der Hessische Beauftragte f\u00fcr Datenschutz und Informationsfreiheit<br \/>Gustav-Stresemann-Ring 1<br \/>65189 Wiesbaden<\/p>\n<p><strong>6. Weitere Informationen f\u00fcr spezielle Situationen und Ansprechpartner<\/strong><\/p>\n<p>Dieser Datenschutzhinweis informiert Sie ausschlie\u00dflich \u00fcber die Verarbeitung personenbezogener Daten bei der Teilnahme an dem Bindungsprogram Fresenius Alumni. Bitte beachten Sie, dass wir Ihre personenbezogenen Daten auch in anderen Zusammenh\u00e4ngen verarbeiten k\u00f6nnen, z.B. wenn Sie unsere Website <a class=\"iw-rte-link-inline\" href=\"https:\/\/www.fresenius.de\/\" rel=\"noreferrer noopener\" noopener=\"\" target=\"_blank\">www.fresenius.de<\/a> besuchen. Bitte beachten Sie in diesen F\u00e4llen die jeweiligen spezifischen Hinweise zur Verarbeitung Ihrer personenbezogenen Daten.<\/p>\n<p>Wenn Sie Fragen zum Datenschutz bei Fresenius haben, wenden Sie sich bitte an <a class=\"iw-rte-link-inline\" href=\"mailto:datenschutz@fresenius.com\">datenschutz@fresenius.com<\/a>.<\/p>\n<p>[1]&nbsp;Art. 6 Abs.1 lit.b DS-GVO<\/p>\n<p>[2]&nbsp;Art. 6 Abs.1 lit.f DS-GVO<\/p>\n<p>[3]&nbsp;Art. 15 DS-GVO<\/p>\n<p>[4]&nbsp;Art. 16 DS-GVO<\/p>\n<p>[5]&nbsp;Art. 17 DS-GVO<\/p>\n<p>[6]&nbsp;Art. 18 DS-GVO<\/p>\n<p>[7]&nbsp;Art. 20 DS-GVO<\/p>\n<p>[\/et_pb_text][\/et_pb_column][\/et_pb_row][\/et_pb_section]<\/p>\n","protected":false},"excerpt":{"rendered":"<p>Datenschutzhinweis f\u00fcr die Nutzung des Bindungsprograms Fresenius AlumniDie Verarbeitung von personenbezogenen Daten unterliegt der EU-Datenschutz-Grundverordnung (DS-GVO). Dieser Datenschutzhinweis informiert Sie dar\u00fcber, wie die Fresenius SE &amp; Co. KGaA (\u201ewir\u201c&nbsp;oder&nbsp;\u201eFresenius\u201c) personenbezogene Daten von Ihnen (\u201eSie\u201c) verarbeiten und um welche Daten es sich dabei handelt.Unter&nbsp;&#8220;personenbezogenen Daten&#8221;&nbsp;verstehen wir alle Informationen \u00fcber Sie, mit deren Hilfe Sie direkt oder [&hellip;]<\/p>\n","protected":false},"author":2,"featured_media":0,"parent":0,"menu_order":0,"comment_status":"closed","ping_status":"closed","template":"","meta":{"_et_pb_use_builder":"on","_et_pb_old_content":"","_et_gb_content_width":"","inline_featured_image":false,"footnotes":""},"class_list":["post-1474","page","type-page","status-publish","hentry"],"yoast_head":"<!-- This site is optimized with the Yoast SEO plugin v27.6 - https:\/\/yoast.com\/product\/yoast-seo-wordpress\/ -->\n<title>Hinweise zum Datenschutz - Fresenius Alumni DE<\/title>\n<meta name=\"robots\" content=\"noindex, follow, max-snippet:-1, max-image-preview:large, max-video-preview:-1\" \/>\n<meta property=\"og:locale\" content=\"en_US\" \/>\n<meta property=\"og:type\" content=\"article\" \/>\n<meta property=\"og:title\" content=\"Hinweise zum Datenschutz - Fresenius Alumni DE\" \/>\n<meta property=\"og:description\" content=\"Datenschutzhinweis f\u00fcr die Nutzung des Bindungsprograms Fresenius AlumniDie Verarbeitung von personenbezogenen Daten unterliegt der EU-Datenschutz-Grundverordnung (DS-GVO). Dieser Datenschutzhinweis informiert Sie dar\u00fcber, wie die Fresenius SE &amp; Co. KGaA (\u201ewir\u201c&nbsp;oder&nbsp;\u201eFresenius\u201c) personenbezogene Daten von Ihnen (\u201eSie\u201c) verarbeiten und um welche Daten es sich dabei handelt.Unter&nbsp;&quot;personenbezogenen Daten&quot;&nbsp;verstehen wir alle Informationen \u00fcber Sie, mit deren Hilfe Sie direkt oder [&hellip;]\" \/>\n<meta property=\"og:url\" content=\"https:\/\/alumni.fresenius.de\/login\/hinweise-zum-datenschutz\/\" \/>\n<meta property=\"og:site_name\" content=\"Fresenius Alumni DE\" \/>\n<meta property=\"article:modified_time\" content=\"2022-03-30T03:41:57+00:00\" \/>\n<meta name=\"twitter:card\" content=\"summary_large_image\" \/>\n<meta name=\"twitter:label1\" content=\"Est. reading time\" \/>\n\t<meta name=\"twitter:data1\" content=\"9 minutes\" \/>\n<script type=\"application\/ld+json\" class=\"yoast-schema-graph\">{\"@context\":\"https:\\\/\\\/schema.org\",\"@graph\":[{\"@type\":\"WebPage\",\"@id\":\"https:\\\/\\\/alumni.fresenius.de\\\/login\\\/hinweise-zum-datenschutz\\\/\",\"url\":\"https:\\\/\\\/alumni.fresenius.de\\\/login\\\/hinweise-zum-datenschutz\\\/\",\"name\":\"Hinweise zum Datenschutz - Fresenius Alumni DE\",\"isPartOf\":{\"@id\":\"https:\\\/\\\/alumni.fresenius.de\\\/login\\\/#website\"},\"datePublished\":\"2022-03-30T03:41:53+00:00\",\"dateModified\":\"2022-03-30T03:41:57+00:00\",\"breadcrumb\":{\"@id\":\"https:\\\/\\\/alumni.fresenius.de\\\/login\\\/hinweise-zum-datenschutz\\\/#breadcrumb\"},\"inLanguage\":\"en-US\",\"potentialAction\":[{\"@type\":\"ReadAction\",\"target\":[\"https:\\\/\\\/alumni.fresenius.de\\\/login\\\/hinweise-zum-datenschutz\\\/\"]}]},{\"@type\":\"BreadcrumbList\",\"@id\":\"https:\\\/\\\/alumni.fresenius.de\\\/login\\\/hinweise-zum-datenschutz\\\/#breadcrumb\",\"itemListElement\":[{\"@type\":\"ListItem\",\"position\":1,\"name\":\"Home\",\"item\":\"https:\\\/\\\/alumni.fresenius.de\\\/login\\\/\"},{\"@type\":\"ListItem\",\"position\":2,\"name\":\"Hinweise zum Datenschutz\"}]},{\"@type\":\"WebSite\",\"@id\":\"https:\\\/\\\/alumni.fresenius.de\\\/login\\\/#website\",\"url\":\"https:\\\/\\\/alumni.fresenius.de\\\/login\\\/\",\"name\":\"Fresenius Alumni DE\",\"description\":\"\",\"potentialAction\":[{\"@type\":\"SearchAction\",\"target\":{\"@type\":\"EntryPoint\",\"urlTemplate\":\"https:\\\/\\\/alumni.fresenius.de\\\/login\\\/?s={search_term_string}\"},\"query-input\":{\"@type\":\"PropertyValueSpecification\",\"valueRequired\":true,\"valueName\":\"search_term_string\"}}],\"inLanguage\":\"en-US\"}]}<\/script>\n<!-- \/ Yoast SEO plugin. -->","yoast_head_json":{"title":"Hinweise zum Datenschutz - Fresenius Alumni DE","robots":{"index":"noindex","follow":"follow","max-snippet":"max-snippet:-1","max-image-preview":"max-image-preview:large","max-video-preview":"max-video-preview:-1"},"og_locale":"en_US","og_type":"article","og_title":"Hinweise zum Datenschutz - Fresenius Alumni DE","og_description":"Datenschutzhinweis f\u00fcr die Nutzung des Bindungsprograms Fresenius AlumniDie Verarbeitung von personenbezogenen Daten unterliegt der EU-Datenschutz-Grundverordnung (DS-GVO). Dieser Datenschutzhinweis informiert Sie dar\u00fcber, wie die Fresenius SE &amp; Co. KGaA (\u201ewir\u201c&nbsp;oder&nbsp;\u201eFresenius\u201c) personenbezogene Daten von Ihnen (\u201eSie\u201c) verarbeiten und um welche Daten es sich dabei handelt.Unter&nbsp;\"personenbezogenen Daten\"&nbsp;verstehen wir alle Informationen \u00fcber Sie, mit deren Hilfe Sie direkt oder [&hellip;]","og_url":"https:\/\/alumni.fresenius.de\/login\/hinweise-zum-datenschutz\/","og_site_name":"Fresenius Alumni DE","article_modified_time":"2022-03-30T03:41:57+00:00","twitter_card":"summary_large_image","twitter_misc":{"Est. reading time":"9 minutes"},"schema":{"@context":"https:\/\/schema.org","@graph":[{"@type":"WebPage","@id":"https:\/\/alumni.fresenius.de\/login\/hinweise-zum-datenschutz\/","url":"https:\/\/alumni.fresenius.de\/login\/hinweise-zum-datenschutz\/","name":"Hinweise zum Datenschutz - Fresenius Alumni DE","isPartOf":{"@id":"https:\/\/alumni.fresenius.de\/login\/#website"},"datePublished":"2022-03-30T03:41:53+00:00","dateModified":"2022-03-30T03:41:57+00:00","breadcrumb":{"@id":"https:\/\/alumni.fresenius.de\/login\/hinweise-zum-datenschutz\/#breadcrumb"},"inLanguage":"en-US","potentialAction":[{"@type":"ReadAction","target":["https:\/\/alumni.fresenius.de\/login\/hinweise-zum-datenschutz\/"]}]},{"@type":"BreadcrumbList","@id":"https:\/\/alumni.fresenius.de\/login\/hinweise-zum-datenschutz\/#breadcrumb","itemListElement":[{"@type":"ListItem","position":1,"name":"Home","item":"https:\/\/alumni.fresenius.de\/login\/"},{"@type":"ListItem","position":2,"name":"Hinweise zum Datenschutz"}]},{"@type":"WebSite","@id":"https:\/\/alumni.fresenius.de\/login\/#website","url":"https:\/\/alumni.fresenius.de\/login\/","name":"Fresenius Alumni DE","description":"","potentialAction":[{"@type":"SearchAction","target":{"@type":"EntryPoint","urlTemplate":"https:\/\/alumni.fresenius.de\/login\/?s={search_term_string}"},"query-input":{"@type":"PropertyValueSpecification","valueRequired":true,"valueName":"search_term_string"}}],"inLanguage":"en-US"}]}},"_links":{"self":[{"href":"https:\/\/alumni.fresenius.de\/login\/wp-json\/wp\/v2\/pages\/1474","targetHints":{"allow":["GET"]}}],"collection":[{"href":"https:\/\/alumni.fresenius.de\/login\/wp-json\/wp\/v2\/pages"}],"about":[{"href":"https:\/\/alumni.fresenius.de\/login\/wp-json\/wp\/v2\/types\/page"}],"author":[{"embeddable":true,"href":"https:\/\/alumni.fresenius.de\/login\/wp-json\/wp\/v2\/users\/2"}],"replies":[{"embeddable":true,"href":"https:\/\/alumni.fresenius.de\/login\/wp-json\/wp\/v2\/comments?post=1474"}],"version-history":[{"count":2,"href":"https:\/\/alumni.fresenius.de\/login\/wp-json\/wp\/v2\/pages\/1474\/revisions"}],"predecessor-version":[{"id":1477,"href":"https:\/\/alumni.fresenius.de\/login\/wp-json\/wp\/v2\/pages\/1474\/revisions\/1477"}],"wp:attachment":[{"href":"https:\/\/alumni.fresenius.de\/login\/wp-json\/wp\/v2\/media?parent=1474"}],"curies":[{"name":"wp","href":"https:\/\/api.w.org\/{rel}","templated":true}]}}