{"id":1469,"date":"2022-03-30T03:39:15","date_gmt":"2022-03-30T03:39:15","guid":{"rendered":"https:\/\/alumni.fresenius.de\/login\/?page_id=1469"},"modified":"2022-03-30T03:39:18","modified_gmt":"2022-03-30T03:39:18","slug":"nutzungsbedingungen","status":"publish","type":"page","link":"https:\/\/alumni.fresenius.de\/login\/nutzungsbedingungen\/","title":{"rendered":"Nutzungsbedingungen"},"content":{"rendered":"<p>[et_pb_section fb_built=&#8221;1&#8243; module_class=&#8221;iw-section-text&#8221; _builder_version=&#8221;4.14.9&#8243; background_color=&#8221;#ffffff&#8221; global_colors_info=&#8221;{}&#8221; theme_builder_area=&#8221;post_content&#8221;][et_pb_row _builder_version=&#8221;4.8.1&#8243; background_color=&#8221;#ffffff&#8221; width=&#8221;100%&#8221; width_tablet=&#8221;&#8221; width_phone=&#8221;&#8221; width_last_edited=&#8221;on|desktop&#8221; global_colors_info=&#8221;{}&#8221; theme_builder_area=&#8221;post_content&#8221;][et_pb_column type=&#8221;4_4&#8243; _builder_version=&#8221;3.27.3&#8243; global_colors_info=&#8221;{}&#8221; theme_builder_area=&#8221;post_content&#8221;][et_pb_text _builder_version=&#8221;4.14.9&#8243; _module_preset=&#8221;default&#8221; hover_enabled=&#8221;0&#8243; global_colors_info=&#8221;{}&#8221; theme_builder_area=&#8221;post_content&#8221; sticky_enabled=&#8221;0&#8243;]<\/p>\n<h3 class=\"iw-rte-headline3-inline\">Nutzungsbedingungen<\/h3>\n<p>Aus Gr\u00fcnden der besseren Lesbarkeit wird auf die gleichzeitige Verwendung m\u00e4nnlicher und weiblicher Sprachformen verzichtet. S\u00e4mtliche Personenbezeichnungen gelten gleichwohl f\u00fcr jedes Geschlecht.<\/p>\n<p><strong>1. Geltungsbereich<\/strong><\/p>\n<p>Diese Nutzungsbedingungen gelten f\u00fcr die Nutzung des Karrierenetzwerks Fresenius Alumni zwischen der Fresenius SE &amp; Co. KGaA (nachfolgend \u201eFresenius\u201c genannt) und demjenigen, der der Nutzung des Karrierenetzwerks Fresenius Alumni zustimmt (nachfolgend \u201eNutzer\u201c genannt).<\/p>\n<p><strong>2. Registrierung; Nutzerprofil<\/strong><\/p>\n<p>Um Nutzer zu werden, m\u00fcssen die Zugangsdaten, die dem Nutzer im Vorfeld per E-Mail von Fresenius zugesendet werden, auf der Website alumni.fresenius.de oder alumni.fresenius.com durch den zuk\u00fcnftigen Nutzer eingegeben werden. Der Vertrag zwischen Fresenius und dem Nutzer kommt zustande, indem der Nutzer den Nutzungsbedingungen zustimmt.<\/p>\n<p>Jeder Nutzer von Fresenius Alumni erh\u00e4lt ein Nutzerprofil. In dem Profil kann der Nutzer Angaben zu seinem Bildungsweg, seinen Kenntnissen, seinen bisherigen praktischen Erfahrungen, etc. machen und diese Angaben individuell gestalten. Dar\u00fcber hinaus hat er die M\u00f6glichkeit, Bewerbungsdokumente (z. B. Zeugnisse, Lebenslauf, etc.) in seinem Profil hochzuladen. Alle Angaben zum Profil sind freiwillig. Die vom Nutzer in seinem Profil bereitgestellten Informationen, insbesondere die pers\u00f6nlichen Daten sowie Informationen zum Bildungsweg und zu praktischen Erfahrungen, werden \u00fcber die Website ausschlie\u00dflich den berechtigten Mitarbeitern aus den Personalabteilungen von Fresenius und\/oder ihrer verbundenen Unternehmen zur Verf\u00fcgung gestellt. F\u00fcr andere Nutzer ist das Nutzerprofil nicht sichtbar. Soweit der Nutzer pers\u00f6nliche Daten und weitere Informationen in seinem Profil eintr\u00e4gt, m\u00fcssen diese Angaben wahrheitsgem\u00e4\u00df erfolgen. Das Hochladen von anderen Dokumenten oder Dateien als den hier genannten Bewerbungsdokumenten ist nicht gestattet.<\/p>\n<p><strong>3. Teilnehmerkennung<\/strong><\/p>\n<p>Der Nutzer ist f\u00fcr den Schutz der ihm zugeteilten Teilnehmerkennung verantwortlich. Die Teilnehmerkennung ist personengebunden. Eine Weitergabe an Dritte ist untersagt. Die Teilnehmerkennung ist vor dem unberechtigten Zugriff Dritter zu sch\u00fctzen. Der Nutzer tr\u00e4gt die volle Verantwortung f\u00fcr alle Handlungen, die \u00fcber seine Teilnehmerkennung vorgenommen werden. Dies gilt nicht, soweit der Nutzer die Nutzung der Teilnehmerkennung durch einen Dritten nicht zu vertreten hat. Der Nutzer ist verpflichtet, Fresenius unverz\u00fcglich \u00fcber jede Kenntnisnahme Dritter von seiner Teilnehmerkennung und \u00fcber jede missbr\u00e4uchliche Benutzung zu unterrichten. Fresenius haftet nicht f\u00fcr Sch\u00e4den, die dem Nutzer durch Verlust oder durch Missbrauch der ihm zugeteilten Teilnehmerkennung entstehen.<\/p>\n<p><strong>4. Elektronische Angriffe<\/strong><\/p>\n<p>Elektronische Angriffe jeglicher Art auf die Websites und\/oder die Datenbank von Fresenius Alumni sind strikt untersagt. Jeder elektronische Angriff f\u00fchrt zum sofortigen Ausschluss des Nutzers und wird zivil- und strafrechtlich verfolgt.<\/p>\n<p><strong>5. Leistungen<\/strong><\/p>\n<p>Die Nutzung der auf der Website von Fresenius Alumni bereitgestellten Leistungen ist kostenlos. Nutzer k\u00f6nnen vielf\u00e4ltige Dienstleistungen rund um Studium und Karriere in Anspruch nehmen. Die Nutzer erhalten Informationen \u00fcber und karrierebezogene Angebote von Fresenius sowie ihrer verbundenen Unternehmen. Sollten f\u00fcr die Teilnahme an Veranstaltungen, zu denen der Nutzer \u00fcber Fresenius Alumni eingeladen wird bzw. zu denen er sich \u00fcber die Website von Fresenius Alumni anmeldet, Kosten (z.B. Reisekosten oder \u00dcbernachtungskosten) anfallen, so sind diese vom Nutzer zu tragen, es sei denn Fresenius hat die Kosten\u00fcbernahme ausdr\u00fccklich zugesagt.<\/p>\n<p><strong>6. Individuelle Informationen<\/strong><\/p>\n<p>Als Teil der Dienstleistungen im Rahmen des Karrierenetzwerks Fresenius Alumni k\u00f6nnen Nutzer individuelle Informationen und Angebote per E-Mail erhalten, die auf Basis ihres Nutzerprofils erstellt werden.<\/p>\n<p><strong>7. Informationen per Telefon<\/strong><\/p>\n<p>Bei Bewerbungen des Nutzers f\u00fcr Veranstaltungen kann Fresenius selbst oder durch einen beauftragten Dritten im Vorfeld der jeweiligen Veranstaltung den Nutzer per Telefon kontaktieren, um ihm zum Beispiel erg\u00e4nzende Informationen zur Veranstaltung, zu Interviewterminen, zu zus\u00e4tzlichen Programmpunkten oder zu kurzfristigen \u00c4nderungen zu geben. Dazu verwendet Fresenius die Telefonnummer, die der Nutzer bei der Registrierung angibt oder die in einem Dokument enthalten ist, das der Nutzer auf seinem Nutzerprofil einstellt.<\/p>\n<p><strong>8. Nutzungsdauer<\/strong><\/p>\n<p>Die Nutzung des Karrierenetzwerks Fresenius Alumni ist auf drei (3) Jahre befristet.<\/p>\n<p><strong>9. K\u00fcndigung; L\u00f6schung der Daten<\/strong><\/p>\n<p>Fresenius kann die Nutzung von Fresenius Alumni jederzeit ohne Angabe von Gr\u00fcnden durch Mitteilung in Textform an die hinterlegte E-Mail-Adresse des Nutzers k\u00fcndigen. Der Nutzer kann den Nutzungsvertrag jederzeit ohne die Angabe von Gr\u00fcnden in Textform unter alumni@fresenius.com oder schriftlich an Fresenius SE &amp; Co. KGaA, Corporate Human Resources, Else-Kr\u00f6ner-Stra\u00dfe 1, 61346 Bad Homburg v.d.H., k\u00fcndigen. Alternativ kann der Nutzungsvertrag durch den Nutzer durch die L\u00f6schung des Profils gek\u00fcndigt werden. Die L\u00f6schung der Daten erfolgt direkt und ist unwiderruflich.<\/p>\n<p><strong>10. Verantwortlichkeit<\/strong><\/p>\n<p>Fresenius \u00fcbernimmt keine Haftung f\u00fcr eigene und\/oder fremde Inhalte, die im Rahmen der Dienste von Fresenius Alumni genutzt werden k\u00f6nnen. Dort durch Fresenius eingestellte Inhalte dienen allein informativen Zwecken. Fresenius haftet nicht f\u00fcr die Wahrheit, die Fehlerfreiheit und die Vollst\u00e4ndigkeit dieser Inhalte und gibt in diesem Zusammenhang keinerlei Zusicherungen ab.<\/p>\n<p><strong>11. Pflichten des Nutzers<\/strong><\/p>\n<p>F\u00fcr die Informationen, die der Nutzer ver\u00f6ffentlicht, ist dieser allein verantwortlich. Bei der Nutzung der Inhalte und Dienste der Website von Fresenius Alumni hat der Nutzer die anwendbaren Gesetze zu beachten und einzuhalten. Fresenius haftet nicht f\u00fcr Pflichtverletzungen des Nutzers.<\/p>\n<p><strong>12. Datenschutz<\/strong><\/p>\n<p>Fresenius legt gro\u00dfen Wert auf den Schutz personenbezogener Daten. In unseren Hinweisen zum Datenschutz finden sich ausf\u00fchrliche Informationen dar\u00fcber, welche personenbezogenen Daten im Rahmen der Nutzung der Dienste der Website von Fresenius Alumni erhoben und verarbeitet werden.<\/p>\n<p><strong>13. Verf\u00fcgbarkeit<\/strong><\/p>\n<p>Auch wenn Fresenius eine umfassende Verf\u00fcgbarkeit der angebotenen Dienste anstrebt, kann ein Anspruch auf eine jederzeitige Verf\u00fcgbarkeit aus technischen Gr\u00fcnden nicht gew\u00e4hrt werden. Insbesondere bleibt Fresenius vorbehalten, die Websites und den Zugriff auf die Internetseiten insgesamt oder dauerhaft einzuschr\u00e4nken bzw. zu modifizieren.<\/p>\n<p><strong>14. Haftung; Freistellung<\/strong><\/p>\n<p>Fresenius haftet nur f\u00fcr Sch\u00e4den, die durch Fresenius, oder deren gesetzliche Vertreter oder Erf\u00fcllungsgehilfen vors\u00e4tzlich oder grob fahrl\u00e4ssig verursacht wurden oder die auf der Verletzung von wesentlichen Vertragspflichten beruhen. Eine wesentliche Vertragspflicht ist dabei eine Verpflichtung, deren Erf\u00fcllung die ordnungsgem\u00e4\u00dfe Durchf\u00fchrung des Vertrags \u00fcberhaupt erst erm\u00f6glicht und auf deren Einhaltung der Nutzer regelm\u00e4\u00dfig vertraut und vertrauen darf. Eine bestehende Haftung wird auf den vertragstypisch vorhersehbaren Schaden begrenzt. Eine Haftung nach dem Produkthaftungsgesetz oder aus der Verletzung von Leben, K\u00f6rper und Gesundheit bleibt unber\u00fchrt. Im \u00dcbrigen ist eine Haftung ausgeschlossen. Dies gilt insbesondere auch f\u00fcr die Haftung, die aus einer Nichtverf\u00fcgbarkeit der angebotenen Dienste resultiert.<\/p>\n<p>Der Nutzer stellt Fresenius von jeglicher Haftung gegen\u00fcber Dritten frei, soweit der Nutzer eine Pflicht aus diesen Nutzungsbedingungen verletzt. Der Nutzer \u00fcbernimmt in diesem Fall alle der Fresenius aufgrund einer Verletzung von Rechten Dritter entstehenden angemessenen Kosten, einschlie\u00dflich der f\u00fcr die Rechtsverteidigung entstehenden angemessenen Kosten. Alle weitergehenden Rechte, insbesondere Schadensersatzanspr\u00fcche von Fresenius, bleiben unber\u00fchrt. Die vorstehenden Pflichten des Nutzers gelten nicht, soweit der Nutzer die betreffende Rechtsverletzung nicht zu vertreten hat.<\/p>\n<p><strong>15. Links<\/strong><\/p>\n<p>Auf der Website von Fresenius Alumni k\u00f6nnen sich Verlinkungen zu anderen Internetseiten befinden. Eine Verlinkung erfolgt nur dann, wenn Fresenius zum Zeitpunkt der jeweiligen Verlinkung keine Rechtsverst\u00f6\u00dfe durch die verlinkten Internetseiten bzw. deren Inhalte ersichtlich sind. Eine permanente Kontrolle der verlinkten Internetseiten bzw. Inhalte ist jedoch ohne konkrete Anhaltspunkte einer Rechtsverletzung nicht zumutbar. Sollten Fresenius Rechtsverst\u00f6\u00dfe durch verlinkte Internetseiten bzw. Inhalte bekannt werden, wird die Verlinkung bzw. der Inhalt unverz\u00fcglich gel\u00f6scht.<\/p>\n<p><strong>16. Urheber- und Leistungsschutzrechte<\/strong><\/p>\n<p>Die im Rahmen der Nutzung der bei Fresenius Alumni zur Verf\u00fcgung gestellten Inhalte unterliegen dem deutschen Urheber- und Leistungsschutzrecht. Jede vom deutschen Urheber- und Leistungsschutzrecht nicht zugelassene Verwertung bedarf der vorherigen schriftlichen Zustimmung des Anbieters oder des jeweiligen Rechteinhabers. Dies gilt insbesondere f\u00fcr Vervielf\u00e4ltigung, Bearbeitung, \u00dcbersetzung, Einspeicherung, Verarbeitung bzw. Wiedergabe von Inhalten in Datenbanken oder anderen elektronischen Medien und Systemen. Inhalte und Rechte Dritter sind dabei als solche gekennzeichnet. Die Darstellung dieser Website in fremden Frames ist nur mit schriftlicher Erlaubnis von Fresenius zul\u00e4ssig.<\/p>\n<p><strong>17. \u00c4nderungen von Nutzungsbedingungen<\/strong><\/p>\n<p>Fresenius beh\u00e4lt sich das Recht vor, diese Nutzungsbedingungen jederzeit, ohne die Nennung von Gr\u00fcnden, zu \u00e4ndern. Die ge\u00e4nderten Nutzungsbedingungen werden dem Nutzer sp\u00e4testens zwei Wochen vor ihrem Inkrafttreten per E-Mail zugesendet. Die ge\u00e4nderten Nutzungsbedingungen gelten als akzeptiert, wenn der Nutzer diesen nicht innerhalb von zwei Wochen nach Empfang der E-Mail, die die ge\u00e4nderten Nutzungsbedingungen enth\u00e4lt, widerspricht. Bei der Bekanntgabe der ge\u00e4nderten Nutzungsbedingungen wird Fresenius auf die Zweiwochenfrist und die Folge der Nichterhebung eines Widerspruchs hinweisen. Im Falle des Widerspruchs endet die Nutzungsberechtigung der von Fresenius Alumni bereitgestellten Dienste mit Ablauf der Widerspruchsfrist und die Daten des Nutzers werden gel\u00f6scht.<\/p>\n<p><strong>18. Sonstiges<\/strong><\/p>\n<p>Sofern eine Bestimmung dieser Nutzungsbedingungen unwirksam oder undurchf\u00fchrbar ist, bleiben die \u00fcbrigen Bestimmungen davon unber\u00fchrt. Die unwirksame oder undurchf\u00fchrbare Bestimmung gilt als durch eine solche Bestimmung ersetzt, die dem Sinn und dem Zweck der unwirksamen oder undurchf\u00fchrbaren Bestimmung in rechtswirksamer Weise am n\u00e4chsten kommt.<\/p>\n<p>Der Nutzungsvertrag und die Nutzungsbedingungen unterliegen ausschlie\u00dflich dem Recht der Bundesrepublik Deutschland unter Ausschluss des UN-Kaufrechts. Erf\u00fcllungsort ist der Sitz der Fresenius SE &amp; Co. KGaA.<\/p>\n<p>[\/et_pb_text][\/et_pb_column][\/et_pb_row][\/et_pb_section]<\/p>\n","protected":false},"excerpt":{"rendered":"<p>NutzungsbedingungenAus Gr\u00fcnden der besseren Lesbarkeit wird auf die gleichzeitige Verwendung m\u00e4nnlicher und weiblicher Sprachformen verzichtet. S\u00e4mtliche Personenbezeichnungen gelten gleichwohl f\u00fcr jedes Geschlecht.1. GeltungsbereichDiese Nutzungsbedingungen gelten f\u00fcr die Nutzung des Karrierenetzwerks Fresenius Alumni zwischen der Fresenius SE &amp; Co. KGaA (nachfolgend \u201eFresenius\u201c genannt) und demjenigen, der der Nutzung des Karrierenetzwerks Fresenius Alumni zustimmt (nachfolgend \u201eNutzer\u201c genannt).2. [&hellip;]<\/p>\n","protected":false},"author":2,"featured_media":0,"parent":0,"menu_order":0,"comment_status":"closed","ping_status":"closed","template":"","meta":{"_et_pb_use_builder":"on","_et_pb_old_content":"","_et_gb_content_width":"","inline_featured_image":false,"footnotes":""},"class_list":["post-1469","page","type-page","status-publish","hentry"],"yoast_head":"<!-- This site is optimized with the Yoast SEO plugin v27.6 - https:\/\/yoast.com\/product\/yoast-seo-wordpress\/ -->\n<title>Nutzungsbedingungen - Fresenius Alumni DE<\/title>\n<meta name=\"robots\" content=\"noindex, follow, max-snippet:-1, max-image-preview:large, max-video-preview:-1\" \/>\n<meta property=\"og:locale\" content=\"en_US\" \/>\n<meta property=\"og:type\" content=\"article\" \/>\n<meta property=\"og:title\" content=\"Nutzungsbedingungen - Fresenius Alumni DE\" \/>\n<meta property=\"og:description\" content=\"NutzungsbedingungenAus Gr\u00fcnden der besseren Lesbarkeit wird auf die gleichzeitige Verwendung m\u00e4nnlicher und weiblicher Sprachformen verzichtet. S\u00e4mtliche Personenbezeichnungen gelten gleichwohl f\u00fcr jedes Geschlecht.1. GeltungsbereichDiese Nutzungsbedingungen gelten f\u00fcr die Nutzung des Karrierenetzwerks Fresenius Alumni zwischen der Fresenius SE &amp; Co. KGaA (nachfolgend \u201eFresenius\u201c genannt) und demjenigen, der der Nutzung des Karrierenetzwerks Fresenius Alumni zustimmt (nachfolgend \u201eNutzer\u201c genannt).2. [&hellip;]\" \/>\n<meta property=\"og:url\" content=\"https:\/\/alumni.fresenius.de\/login\/nutzungsbedingungen\/\" \/>\n<meta property=\"og:site_name\" content=\"Fresenius Alumni DE\" \/>\n<meta property=\"article:modified_time\" content=\"2022-03-30T03:39:18+00:00\" \/>\n<meta name=\"twitter:card\" content=\"summary_large_image\" \/>\n<meta name=\"twitter:label1\" content=\"Est. reading time\" \/>\n\t<meta name=\"twitter:data1\" content=\"8 minutes\" \/>\n<script type=\"application\/ld+json\" class=\"yoast-schema-graph\">{\"@context\":\"https:\\\/\\\/schema.org\",\"@graph\":[{\"@type\":\"WebPage\",\"@id\":\"https:\\\/\\\/alumni.fresenius.de\\\/login\\\/nutzungsbedingungen\\\/\",\"url\":\"https:\\\/\\\/alumni.fresenius.de\\\/login\\\/nutzungsbedingungen\\\/\",\"name\":\"Nutzungsbedingungen - Fresenius Alumni DE\",\"isPartOf\":{\"@id\":\"https:\\\/\\\/alumni.fresenius.de\\\/login\\\/#website\"},\"datePublished\":\"2022-03-30T03:39:15+00:00\",\"dateModified\":\"2022-03-30T03:39:18+00:00\",\"breadcrumb\":{\"@id\":\"https:\\\/\\\/alumni.fresenius.de\\\/login\\\/nutzungsbedingungen\\\/#breadcrumb\"},\"inLanguage\":\"en-US\",\"potentialAction\":[{\"@type\":\"ReadAction\",\"target\":[\"https:\\\/\\\/alumni.fresenius.de\\\/login\\\/nutzungsbedingungen\\\/\"]}]},{\"@type\":\"BreadcrumbList\",\"@id\":\"https:\\\/\\\/alumni.fresenius.de\\\/login\\\/nutzungsbedingungen\\\/#breadcrumb\",\"itemListElement\":[{\"@type\":\"ListItem\",\"position\":1,\"name\":\"Home\",\"item\":\"https:\\\/\\\/alumni.fresenius.de\\\/login\\\/\"},{\"@type\":\"ListItem\",\"position\":2,\"name\":\"Nutzungsbedingungen\"}]},{\"@type\":\"WebSite\",\"@id\":\"https:\\\/\\\/alumni.fresenius.de\\\/login\\\/#website\",\"url\":\"https:\\\/\\\/alumni.fresenius.de\\\/login\\\/\",\"name\":\"Fresenius Alumni DE\",\"description\":\"\",\"potentialAction\":[{\"@type\":\"SearchAction\",\"target\":{\"@type\":\"EntryPoint\",\"urlTemplate\":\"https:\\\/\\\/alumni.fresenius.de\\\/login\\\/?s={search_term_string}\"},\"query-input\":{\"@type\":\"PropertyValueSpecification\",\"valueRequired\":true,\"valueName\":\"search_term_string\"}}],\"inLanguage\":\"en-US\"}]}<\/script>\n<!-- \/ Yoast SEO plugin. -->","yoast_head_json":{"title":"Nutzungsbedingungen - Fresenius Alumni DE","robots":{"index":"noindex","follow":"follow","max-snippet":"max-snippet:-1","max-image-preview":"max-image-preview:large","max-video-preview":"max-video-preview:-1"},"og_locale":"en_US","og_type":"article","og_title":"Nutzungsbedingungen - Fresenius Alumni DE","og_description":"NutzungsbedingungenAus Gr\u00fcnden der besseren Lesbarkeit wird auf die gleichzeitige Verwendung m\u00e4nnlicher und weiblicher Sprachformen verzichtet. S\u00e4mtliche Personenbezeichnungen gelten gleichwohl f\u00fcr jedes Geschlecht.1. GeltungsbereichDiese Nutzungsbedingungen gelten f\u00fcr die Nutzung des Karrierenetzwerks Fresenius Alumni zwischen der Fresenius SE &amp; Co. KGaA (nachfolgend \u201eFresenius\u201c genannt) und demjenigen, der der Nutzung des Karrierenetzwerks Fresenius Alumni zustimmt (nachfolgend \u201eNutzer\u201c genannt).2. [&hellip;]","og_url":"https:\/\/alumni.fresenius.de\/login\/nutzungsbedingungen\/","og_site_name":"Fresenius Alumni DE","article_modified_time":"2022-03-30T03:39:18+00:00","twitter_card":"summary_large_image","twitter_misc":{"Est. reading time":"8 minutes"},"schema":{"@context":"https:\/\/schema.org","@graph":[{"@type":"WebPage","@id":"https:\/\/alumni.fresenius.de\/login\/nutzungsbedingungen\/","url":"https:\/\/alumni.fresenius.de\/login\/nutzungsbedingungen\/","name":"Nutzungsbedingungen - Fresenius Alumni DE","isPartOf":{"@id":"https:\/\/alumni.fresenius.de\/login\/#website"},"datePublished":"2022-03-30T03:39:15+00:00","dateModified":"2022-03-30T03:39:18+00:00","breadcrumb":{"@id":"https:\/\/alumni.fresenius.de\/login\/nutzungsbedingungen\/#breadcrumb"},"inLanguage":"en-US","potentialAction":[{"@type":"ReadAction","target":["https:\/\/alumni.fresenius.de\/login\/nutzungsbedingungen\/"]}]},{"@type":"BreadcrumbList","@id":"https:\/\/alumni.fresenius.de\/login\/nutzungsbedingungen\/#breadcrumb","itemListElement":[{"@type":"ListItem","position":1,"name":"Home","item":"https:\/\/alumni.fresenius.de\/login\/"},{"@type":"ListItem","position":2,"name":"Nutzungsbedingungen"}]},{"@type":"WebSite","@id":"https:\/\/alumni.fresenius.de\/login\/#website","url":"https:\/\/alumni.fresenius.de\/login\/","name":"Fresenius Alumni DE","description":"","potentialAction":[{"@type":"SearchAction","target":{"@type":"EntryPoint","urlTemplate":"https:\/\/alumni.fresenius.de\/login\/?s={search_term_string}"},"query-input":{"@type":"PropertyValueSpecification","valueRequired":true,"valueName":"search_term_string"}}],"inLanguage":"en-US"}]}},"_links":{"self":[{"href":"https:\/\/alumni.fresenius.de\/login\/wp-json\/wp\/v2\/pages\/1469","targetHints":{"allow":["GET"]}}],"collection":[{"href":"https:\/\/alumni.fresenius.de\/login\/wp-json\/wp\/v2\/pages"}],"about":[{"href":"https:\/\/alumni.fresenius.de\/login\/wp-json\/wp\/v2\/types\/page"}],"author":[{"embeddable":true,"href":"https:\/\/alumni.fresenius.de\/login\/wp-json\/wp\/v2\/users\/2"}],"replies":[{"embeddable":true,"href":"https:\/\/alumni.fresenius.de\/login\/wp-json\/wp\/v2\/comments?post=1469"}],"version-history":[{"count":2,"href":"https:\/\/alumni.fresenius.de\/login\/wp-json\/wp\/v2\/pages\/1469\/revisions"}],"predecessor-version":[{"id":1472,"href":"https:\/\/alumni.fresenius.de\/login\/wp-json\/wp\/v2\/pages\/1469\/revisions\/1472"}],"wp:attachment":[{"href":"https:\/\/alumni.fresenius.de\/login\/wp-json\/wp\/v2\/media?parent=1469"}],"curies":[{"name":"wp","href":"https:\/\/api.w.org\/{rel}","templated":true}]}}