{"id":1458,"date":"2022-03-30T03:33:34","date_gmt":"2022-03-30T03:33:34","guid":{"rendered":"https:\/\/alumni.fresenius.de\/login\/?page_id=1458"},"modified":"2022-03-30T03:36:04","modified_gmt":"2022-03-30T03:36:04","slug":"impressum","status":"publish","type":"page","link":"https:\/\/alumni.fresenius.de\/login\/impressum\/","title":{"rendered":"Impressum"},"content":{"rendered":"<p>[et_pb_section fb_built=&#8221;1&#8243; module_class=&#8221;iw-section-text&#8221; _builder_version=&#8221;4.14.9&#8243; background_color=&#8221;#ffffff&#8221; global_colors_info=&#8221;{}&#8221;][et_pb_row _builder_version=&#8221;4.8.1&#8243; background_color=&#8221;#ffffff&#8221; width=&#8221;100%&#8221; width_tablet=&#8221;&#8221; width_phone=&#8221;&#8221; width_last_edited=&#8221;on|desktop&#8221; global_colors_info=&#8221;{}&#8221;][et_pb_column type=&#8221;4_4&#8243; _builder_version=&#8221;3.27.3&#8243; global_colors_info=&#8221;{}&#8221;][et_pb_text _builder_version=&#8221;4.14.9&#8243; _module_preset=&#8221;default&#8221; hover_enabled=&#8221;0&#8243; global_colors_info=&#8221;{}&#8221; sticky_enabled=&#8221;0&#8243;]<\/p>\n<h3 class=\"iw-rte-headline3-inline\">Impressum<\/h3>\n<p><b>Herausgeber<\/b><br \/>Fresenius SE &amp; Co. KGaA<br \/>Sitz der Gesellschaft: Bad Homburg, Deutschland<br \/>Handelsregister: Amtsgericht Bad Homburg \u2212 HRB 11852<br \/>Aufsichtsrat: Wolfgang Kirsch (Vorsitzender)<\/p>\n<p>Pers\u00f6nlich haftende Gesellschafterin: Fresenius Management SE<br \/>Sitz und Handelsregister der Gesellschaft: Bad Homburg, HRB 11673<br \/>Vorstand: Stephan Sturm (Vorsitzender), Dr. Sebastian Biedenkopf,<br \/>Dr. Francesco De Meo, Rachel Empey, Rice Powell,<br \/>Michael Sen, Dr. Ernst Wastler<br \/>Aufsichtsratsvorsitzender: Wolfgang Kirsch<\/p>\n<p>Umsatzsteueridentifikationsnummer: DE 114152311<\/p>\n<p><b>Redaktion<\/b><br \/>Fresenius SE &amp; Co. KGaA<br \/>Corporate Human Resources<br \/>Else-Kr\u00f6ner-Stra\u00dfe 1<br \/>61352 Bad Homburg v.d.H.<br \/>alumni@fresenius.com<br \/>T +49 6172 6080<\/p>\n<p><b>Technische Umsetzung<\/b><br \/>PeoplePath GmbH<br \/>Erika-Mann-Stra\u00dfe 7<br \/>D-80636 M\u00fcnchen<br \/>info@peoplepath.com<\/p>\n<p><b>Rechtshinweise<\/b><br \/>Unser Internet-Angebot haben wir sehr sorgf\u00e4ltig zusammengestellt. Es wird st\u00e4ndig erweitert und aktualisiert. Dennoch k\u00f6nnen wir leider f\u00fcr die Richtigkeit undVollst\u00e4ndigkeit der Angaben keine Haftung \u00fcbernehmen. Eine Haftung f\u00fcr direkte oderindirekte Sch\u00e4den materieller oder immaterieller Art, die durch die Nutzung der Angaben verursacht werden, ist ausgeschlossen. Die Nutzung erfolgt ausschlie\u00dflich auf eigenesRisiko des Anwenders, es sei denn, fehlerhafte Informationen wurden vors\u00e4tzlich oder grob fahrl\u00e4ssig aufgenommen. F\u00fcr alle Formulierungen auf den Fresenius Karriereseiten gilt, dass wir Frauen und M\u00e4nner gleicherma\u00dfen ansprechen, jedoch zur leichterenLesbarkeit die m\u00e4nnliche Sprachform w\u00e4hlen.<\/p>\n<p><b>Wirtschaftsnachrichten und Produktinformationen<\/b><br \/>Das auf diesen Web-Seiten angebotene Material soll dem Zweck einer allgemeinen und unverbindlichen Information dienen. Es ersetzt keine gesch\u00e4ftliche, medizinische oder andere professionelle Beratung. Soweit wir Fremdtexte ins Netz gestellt haben, sind wir f\u00fcr deren Inhalt nicht verantwortlich. Verantwortlich ist der jeweils genannte Verfasser.F\u00fcr Sch\u00e4den, Verletzungen oder Verluste, die durch den Gebrauch dieser Informationen entstehen, \u00fcbernehmen wir keine Verantwortung.<\/p>\n<p><b>Hyperlinks<\/b><br \/>Wir bieten nicht nur eigene Informationen, sondern auch Verweisungen auf fremdeInternetseiten an. Inhalt und Gestaltung der fremden Internetseiten unterliegen nicht unserem Einfluss. Die Genauigkeit und Richtigkeit der dort aufgef\u00fchrten Informationen pr\u00fcfen wir nicht. Mit dem Link auf fremde Seiten ist keine Billigung, Unterst\u00fctzung oder Best\u00e4tigung der dortigen Inhalte verbunden. Die auf den fremden Seiten wiedergegebenen Informationen, Meinungs\u00e4u\u00dferungen oder Tatsachenbehauptungen liegen in der alleinigen Verantwortung der jeweiligen Autoren dieser Seiten. Gleiches gilt f\u00fcr Fremdeintr\u00e4ge in eingerichteten G\u00e4steb\u00fcchern, Diskussionsforen und Mailinglisten.Auch f\u00fcr die technische Sicherheit der Links sowie der Zielseiten k\u00f6nnen wir nicht einstehen. F\u00fcr Sch\u00e4den, die aus der Verwendung dieser Informationen sowie derNutzung der Hyperlinks entstehen, \u00fcbernehmen wir keine Verantwortung.<\/p>\n<p><b>Weitere Informationen und Kontakt<\/b><br \/>Fresenius SE &amp; Co. KGaA<br \/>Corporate Human Resources<br \/>Else-Kr\u00f6ner-Stra\u00dfe 1<br \/>61352 Bad Homburg v.d.H.<br \/>alumni@fresenius.com<\/p>\n<p>[\/et_pb_text][\/et_pb_column][\/et_pb_row][\/et_pb_section]<\/p>\n","protected":false},"excerpt":{"rendered":"<p>Impressum HerausgeberFresenius SE &amp; Co. KGaASitz der Gesellschaft: Bad Homburg, DeutschlandHandelsregister: Amtsgericht Bad Homburg \u2212 HRB 11852Aufsichtsrat: Wolfgang Kirsch (Vorsitzender) Pers\u00f6nlich haftende Gesellschafterin: Fresenius Management SESitz und Handelsregister der Gesellschaft: Bad Homburg, HRB 11673Vorstand: Stephan Sturm (Vorsitzender), Dr. Sebastian Biedenkopf,Dr. Francesco De Meo, Rachel Empey, Rice Powell,Michael Sen, Dr. Ernst WastlerAufsichtsratsvorsitzender: Wolfgang Kirsch Umsatzsteueridentifikationsnummer: DE [&hellip;]<\/p>\n","protected":false},"author":2,"featured_media":0,"parent":0,"menu_order":0,"comment_status":"closed","ping_status":"closed","template":"","meta":{"_et_pb_use_builder":"on","_et_pb_old_content":"","_et_gb_content_width":"","inline_featured_image":false,"footnotes":""},"class_list":["post-1458","page","type-page","status-publish","hentry"],"yoast_head":"<!-- This site is optimized with the Yoast SEO plugin v27.6 - https:\/\/yoast.com\/product\/yoast-seo-wordpress\/ -->\n<title>Impressum - Fresenius Alumni DE<\/title>\n<meta name=\"robots\" content=\"noindex, follow, max-snippet:-1, max-image-preview:large, max-video-preview:-1\" \/>\n<meta property=\"og:locale\" content=\"en_US\" \/>\n<meta property=\"og:type\" content=\"article\" \/>\n<meta property=\"og:title\" content=\"Impressum - Fresenius Alumni DE\" \/>\n<meta property=\"og:description\" content=\"Impressum HerausgeberFresenius SE &amp; Co. KGaASitz der Gesellschaft: Bad Homburg, DeutschlandHandelsregister: Amtsgericht Bad Homburg \u2212 HRB 11852Aufsichtsrat: Wolfgang Kirsch (Vorsitzender) Pers\u00f6nlich haftende Gesellschafterin: Fresenius Management SESitz und Handelsregister der Gesellschaft: Bad Homburg, HRB 11673Vorstand: Stephan Sturm (Vorsitzender), Dr. Sebastian Biedenkopf,Dr. Francesco De Meo, Rachel Empey, Rice Powell,Michael Sen, Dr. Ernst WastlerAufsichtsratsvorsitzender: Wolfgang Kirsch Umsatzsteueridentifikationsnummer: DE [&hellip;]\" \/>\n<meta property=\"og:url\" content=\"https:\/\/alumni.fresenius.de\/login\/impressum\/\" \/>\n<meta property=\"og:site_name\" content=\"Fresenius Alumni DE\" \/>\n<meta property=\"article:modified_time\" content=\"2022-03-30T03:36:04+00:00\" \/>\n<meta name=\"twitter:card\" content=\"summary_large_image\" \/>\n<meta name=\"twitter:label1\" content=\"Est. reading time\" \/>\n\t<meta name=\"twitter:data1\" content=\"2 minutes\" \/>\n<script type=\"application\/ld+json\" class=\"yoast-schema-graph\">{\"@context\":\"https:\\\/\\\/schema.org\",\"@graph\":[{\"@type\":\"WebPage\",\"@id\":\"https:\\\/\\\/alumni.fresenius.de\\\/login\\\/impressum\\\/\",\"url\":\"https:\\\/\\\/alumni.fresenius.de\\\/login\\\/impressum\\\/\",\"name\":\"Impressum - Fresenius Alumni DE\",\"isPartOf\":{\"@id\":\"https:\\\/\\\/alumni.fresenius.de\\\/login\\\/#website\"},\"datePublished\":\"2022-03-30T03:33:34+00:00\",\"dateModified\":\"2022-03-30T03:36:04+00:00\",\"breadcrumb\":{\"@id\":\"https:\\\/\\\/alumni.fresenius.de\\\/login\\\/impressum\\\/#breadcrumb\"},\"inLanguage\":\"en-US\",\"potentialAction\":[{\"@type\":\"ReadAction\",\"target\":[\"https:\\\/\\\/alumni.fresenius.de\\\/login\\\/impressum\\\/\"]}]},{\"@type\":\"BreadcrumbList\",\"@id\":\"https:\\\/\\\/alumni.fresenius.de\\\/login\\\/impressum\\\/#breadcrumb\",\"itemListElement\":[{\"@type\":\"ListItem\",\"position\":1,\"name\":\"Home\",\"item\":\"https:\\\/\\\/alumni.fresenius.de\\\/login\\\/\"},{\"@type\":\"ListItem\",\"position\":2,\"name\":\"Impressum\"}]},{\"@type\":\"WebSite\",\"@id\":\"https:\\\/\\\/alumni.fresenius.de\\\/login\\\/#website\",\"url\":\"https:\\\/\\\/alumni.fresenius.de\\\/login\\\/\",\"name\":\"Fresenius Alumni DE\",\"description\":\"\",\"potentialAction\":[{\"@type\":\"SearchAction\",\"target\":{\"@type\":\"EntryPoint\",\"urlTemplate\":\"https:\\\/\\\/alumni.fresenius.de\\\/login\\\/?s={search_term_string}\"},\"query-input\":{\"@type\":\"PropertyValueSpecification\",\"valueRequired\":true,\"valueName\":\"search_term_string\"}}],\"inLanguage\":\"en-US\"}]}<\/script>\n<!-- \/ Yoast SEO plugin. -->","yoast_head_json":{"title":"Impressum - Fresenius Alumni DE","robots":{"index":"noindex","follow":"follow","max-snippet":"max-snippet:-1","max-image-preview":"max-image-preview:large","max-video-preview":"max-video-preview:-1"},"og_locale":"en_US","og_type":"article","og_title":"Impressum - Fresenius Alumni DE","og_description":"Impressum HerausgeberFresenius SE &amp; Co. KGaASitz der Gesellschaft: Bad Homburg, DeutschlandHandelsregister: Amtsgericht Bad Homburg \u2212 HRB 11852Aufsichtsrat: Wolfgang Kirsch (Vorsitzender) Pers\u00f6nlich haftende Gesellschafterin: Fresenius Management SESitz und Handelsregister der Gesellschaft: Bad Homburg, HRB 11673Vorstand: Stephan Sturm (Vorsitzender), Dr. Sebastian Biedenkopf,Dr. Francesco De Meo, Rachel Empey, Rice Powell,Michael Sen, Dr. Ernst WastlerAufsichtsratsvorsitzender: Wolfgang Kirsch Umsatzsteueridentifikationsnummer: DE [&hellip;]","og_url":"https:\/\/alumni.fresenius.de\/login\/impressum\/","og_site_name":"Fresenius Alumni DE","article_modified_time":"2022-03-30T03:36:04+00:00","twitter_card":"summary_large_image","twitter_misc":{"Est. reading time":"2 minutes"},"schema":{"@context":"https:\/\/schema.org","@graph":[{"@type":"WebPage","@id":"https:\/\/alumni.fresenius.de\/login\/impressum\/","url":"https:\/\/alumni.fresenius.de\/login\/impressum\/","name":"Impressum - Fresenius Alumni DE","isPartOf":{"@id":"https:\/\/alumni.fresenius.de\/login\/#website"},"datePublished":"2022-03-30T03:33:34+00:00","dateModified":"2022-03-30T03:36:04+00:00","breadcrumb":{"@id":"https:\/\/alumni.fresenius.de\/login\/impressum\/#breadcrumb"},"inLanguage":"en-US","potentialAction":[{"@type":"ReadAction","target":["https:\/\/alumni.fresenius.de\/login\/impressum\/"]}]},{"@type":"BreadcrumbList","@id":"https:\/\/alumni.fresenius.de\/login\/impressum\/#breadcrumb","itemListElement":[{"@type":"ListItem","position":1,"name":"Home","item":"https:\/\/alumni.fresenius.de\/login\/"},{"@type":"ListItem","position":2,"name":"Impressum"}]},{"@type":"WebSite","@id":"https:\/\/alumni.fresenius.de\/login\/#website","url":"https:\/\/alumni.fresenius.de\/login\/","name":"Fresenius Alumni DE","description":"","potentialAction":[{"@type":"SearchAction","target":{"@type":"EntryPoint","urlTemplate":"https:\/\/alumni.fresenius.de\/login\/?s={search_term_string}"},"query-input":{"@type":"PropertyValueSpecification","valueRequired":true,"valueName":"search_term_string"}}],"inLanguage":"en-US"}]}},"_links":{"self":[{"href":"https:\/\/alumni.fresenius.de\/login\/wp-json\/wp\/v2\/pages\/1458","targetHints":{"allow":["GET"]}}],"collection":[{"href":"https:\/\/alumni.fresenius.de\/login\/wp-json\/wp\/v2\/pages"}],"about":[{"href":"https:\/\/alumni.fresenius.de\/login\/wp-json\/wp\/v2\/types\/page"}],"author":[{"embeddable":true,"href":"https:\/\/alumni.fresenius.de\/login\/wp-json\/wp\/v2\/users\/2"}],"replies":[{"embeddable":true,"href":"https:\/\/alumni.fresenius.de\/login\/wp-json\/wp\/v2\/comments?post=1458"}],"version-history":[{"count":4,"href":"https:\/\/alumni.fresenius.de\/login\/wp-json\/wp\/v2\/pages\/1458\/revisions"}],"predecessor-version":[{"id":1466,"href":"https:\/\/alumni.fresenius.de\/login\/wp-json\/wp\/v2\/pages\/1458\/revisions\/1466"}],"wp:attachment":[{"href":"https:\/\/alumni.fresenius.de\/login\/wp-json\/wp\/v2\/media?parent=1458"}],"curies":[{"name":"wp","href":"https:\/\/api.w.org\/{rel}","templated":true}]}}